{"id":2,"date":"2025-12-15T17:27:58","date_gmt":"2025-12-15T16:27:58","guid":{"rendered":"https:\/\/xavier-delaunay.fr\/?page_id=2"},"modified":"2026-03-22T17:50:59","modified_gmt":"2026-03-22T16:50:59","slug":"a-propos","status":"publish","type":"page","link":"https:\/\/xavier-delaunay.fr\/index.php\/a-propos\/","title":{"rendered":"A propos"},"content":{"rendered":"\n<p>Ce blog est un espace personnel de r\u00e9flexion sur l\u2019acte d&rsquo;entreprendre et ses implications humaines et sociales.<\/p>\n\n\n\n<p>J\u2019y publie des textes courts ou longs, en r\u00e9action \u00e0 l\u2019actualit\u00e9, \u00e0 des lectures, \u00e0 des \u00e9changes ou \u00e0 l\u2019exp\u00e9rience.<\/p>\n\n\n\n<p>Il n\u2019a pas vocation \u00e0 convaincre ni \u00e0 promouvoir quoi que ce soit.<\/p>\n\n\n\n<p>Depuis 15 ans, j&rsquo;investis mon temps, mon argent, mes comp\u00e9tences, mes relations pour investiguer le champs de l&rsquo;<strong>intelligence et l&rsquo;\u00e9nergie entrepreneuriale<\/strong>s comme premiers leviers de l&rsquo;<strong>entrepreneuriat fertile.<\/strong><\/p>\n\n\n\n<blockquote class=\"wp-block-quote is-layout-flow wp-block-quote-is-layout-flow\">\n<p>La fertilit\u00e9 est la conjugaison de la prosp\u00e9rit\u00e9 \u00e9conomique , de l&rsquo;\u00e9panouissement personnel et de l&rsquo;utilit\u00e9 collective (servir un bien commun local, r\u00e9gional ou national)<\/p>\n\n\n\n<p>Le th\u00e8me de l&rsquo;intelligence entrepreneuriale, est apparu la premi\u00e8re fois en 2018 lors des 1\u00e8res assises de la FNPAE.org<br>Elle continue depuis l&rsquo;objet de recherches et surtout d&rsquo;innovations test\u00e9es et valid\u00e9es sur le terrain.<br><br>5 domaines ACTER, permettent de la d\u00e9crire, la d\u00e9tecter et surtout la d\u00e9velopper. Ils se d\u00e9clinent selon des enjeux de<\/p>\n\n\n\n<ul class=\"wp-block-list\">\n<li>culture-comp\u00e9tences<\/li>\n\n\n\n<li>posture (mani\u00e8re de s&rsquo;engager et d&rsquo;agir)<\/li>\n\n\n\n<li>\u00e9nergie (motivations, valeurs)<\/li>\n<\/ul>\n<\/blockquote>\n\n\n\n<p><\/p>\n\n\n\n<blockquote class=\"wp-block-quote is-layout-flow wp-block-quote-is-layout-flow\">\n<p>Quand elle est travaill\u00e9e lors de la phase cruciale de l&rsquo;orientation et pr\u00e9paration initiales, elle triple les chances de fertilit\u00e9.<\/p>\n\n\n\n<p>Elle donne au porteur de projet, puis au nouvel entrepreneur (et m\u00eame \u00e0 ceux plus aguerris), les rep\u00e8res pour piloter TOUS les facteurs qui d\u00e9clencheront ou non les r\u00e9sultats attendus.<br><\/p>\n\n\n\n<p>Les recherches et travaux d&rsquo;application sur le terrain ont identifi\u00e9s pr\u00e8s de 90 crit\u00e8res de pilotages parmi lesquels, sont identifi\u00e9s les plus ajust\u00e9s au mod\u00e8le entrepreneurial, aux objectifs propres \u00e0 chaque entreprise et au profil, unique aussi, de chaque entrepreneur ou \u00e9quipe entrepreneuriale.<\/p>\n<\/blockquote>\n\n\n\n<blockquote class=\"wp-block-quote is-layout-flow wp-block-quote-is-layout-flow\">\n<p>Bienvenu sur ce blog qui vous permet de voyager dans cet univers passionnant et si &#8230; prometteur !<\/p>\n\n\n\n<p>Bonne lecture et r\u00e9actions, car je r\u00e9pondrais \u00e0 chacun en compl\u00e9tant mes propos ou en les enrichissant de vos remarques et suggestions.<\/p>\n<\/blockquote>\n\n\n\n<p><\/p>\n","protected":false},"excerpt":{"rendered":"<p>Ce blog est un espace personnel de r\u00e9flexion sur l\u2019acte d&rsquo;entreprendre et ses implications humaines et sociales. J\u2019y publie des textes courts ou longs, en r\u00e9action \u00e0 l\u2019actualit\u00e9, \u00e0 des lectures, \u00e0 des \u00e9changes ou \u00e0 l\u2019exp\u00e9rience. Il n\u2019a pas vocation \u00e0 convaincre ni \u00e0 promouvoir quoi que ce soit. Depuis 15 ans, j&rsquo;investis mon [&hellip;]<\/p>\n","protected":false},"author":1,"featured_media":0,"parent":0,"menu_order":0,"comment_status":"closed","ping_status":"open","template":"","meta":{"footnotes":""},"class_list":["post-2","page","type-page","status-publish","hentry"],"_links":{"self":[{"href":"https:\/\/xavier-delaunay.fr\/index.php\/wp-json\/wp\/v2\/pages\/2","targetHints":{"allow":["GET"]}}],"collection":[{"href":"https:\/\/xavier-delaunay.fr\/index.php\/wp-json\/wp\/v2\/pages"}],"about":[{"href":"https:\/\/xavier-delaunay.fr\/index.php\/wp-json\/wp\/v2\/types\/page"}],"author":[{"embeddable":true,"href":"https:\/\/xavier-delaunay.fr\/index.php\/wp-json\/wp\/v2\/users\/1"}],"replies":[{"embeddable":true,"href":"https:\/\/xavier-delaunay.fr\/index.php\/wp-json\/wp\/v2\/comments?post=2"}],"version-history":[{"count":9,"href":"https:\/\/xavier-delaunay.fr\/index.php\/wp-json\/wp\/v2\/pages\/2\/revisions"}],"predecessor-version":[{"id":38,"href":"https:\/\/xavier-delaunay.fr\/index.php\/wp-json\/wp\/v2\/pages\/2\/revisions\/38"}],"wp:attachment":[{"href":"https:\/\/xavier-delaunay.fr\/index.php\/wp-json\/wp\/v2\/media?parent=2"}],"curies":[{"name":"wp","href":"https:\/\/api.w.org\/{rel}","templated":true}]}}